{"id":804,"date":"2017-01-23T15:13:27","date_gmt":"2017-01-23T17:13:27","guid":{"rendered":"http:\/\/sites.usp.br\/fobgraduacao\/?page_id=804"},"modified":"2026-04-01T11:50:47","modified_gmt":"2026-04-01T14:50:47","slug":"secretaria","status":"publish","type":"page","link":"https:\/\/graduacao.fob.usp.br\/pb\/secretaria\/","title":{"rendered":"Secretaria"},"content":{"rendered":"<p><\/p>\n<header class=\"post-header\">\n<h1 class=\"entry-title\"><\/h1>\n<\/header>\n<div class=\"post-806 page type-page status-publish hentry\">\n<div class=\"entry clearfix\">\n<p><strong>Hor\u00e1rio de atendimento:<\/strong> Segunda a sexta-feira, das 8h \u00e0s 12h30 &#8211; 13h30 \u00e0s 18h<br \/>\n<strong>Endere\u00e7o:<\/strong> Al. Dr. Oct\u00e1vio Pinheiro Brisolla, 9-75 \u2013 17012-901 Bauru-SP<br \/>\n<strong>E-mail:<\/strong> <a href=\"mailto:grad@fob.usp.br\">grad@fob.usp.br<\/a>\u00a0 \u00a0 \u00a0<strong>telefone:<\/strong> 55 14 3235-8292<\/p>\n<h3><\/h3>\n<h3>Equipe Servi\u00e7o de Gradua\u00e7\u00e3o<\/h3>\n<p>Ana L\u00facia de Assis Dantas<br \/>\nAna Paula Mo\u00e7o Libel\u00a0<a href=\"mailto:anapaula@fob.usp.br\" target=\"_blank\" rel=\"noopener noreferrer\"><br \/>\n<\/a>Jo\u00e3o Cr\u00eas Neto<\/p>\n<h3><\/h3>\n<h3>Assist\u00eancia Acad\u00eamica<\/h3>\n<p>Helder Nepomuceno de Melo<a href=\"mailto:hnmelo@fob.usp.br\"><br \/>\n<\/a>Sandra Maria Cardoso Spin<\/p>\n<p>Edinalva Ferreira Marinho &#8211; emarinho@usp.br<\/p>\n<p>&nbsp;<\/p>\n<\/div>\n<\/div>\n<p>&nbsp;<\/p>","protected":false},"excerpt":{"rendered":"<p>Hor\u00e1rio de atendimento: Segunda a sexta-feira, das 8h \u00e0s 12h30 &#8211; 13h30 \u00e0s 18h Endere\u00e7o: Al. Dr. Oct\u00e1vio Pinheiro Brisolla, 9-75 \u2013 17012-901 Bauru-SP E-mail: grad@fob.usp.br\u00a0 \u00a0 \u00a0telefone: 55 14 3235-8292 Equipe Servi\u00e7o de Gradua\u00e7\u00e3o Ana L\u00facia de Assis Dantas Ana Paula Mo\u00e7o Libel\u00a0 Jo\u00e3o Cr\u00eas Neto Assist\u00eancia Acad\u00eamica Helder Nepomuceno de Melo Sandra Maria Cardoso Spin Edinalva Ferreira Marinho &#8211; emarinho@usp.br &nbsp; &nbsp;<\/p>\n","protected":false},"author":430,"featured_media":0,"parent":0,"menu_order":0,"comment_status":"closed","ping_status":"closed","template":"page-full.php","meta":{"footnotes":"","_links_to":"","_links_to_target":""},"class_list":["post-804","page","type-page","status-publish","hentry"],"_links":{"self":[{"href":"https:\/\/graduacao.fob.usp.br\/pb\/wp-json\/wp\/v2\/pages\/804","targetHints":{"allow":["GET"]}}],"collection":[{"href":"https:\/\/graduacao.fob.usp.br\/pb\/wp-json\/wp\/v2\/pages"}],"about":[{"href":"https:\/\/graduacao.fob.usp.br\/pb\/wp-json\/wp\/v2\/types\/page"}],"author":[{"embeddable":true,"href":"https:\/\/graduacao.fob.usp.br\/pb\/wp-json\/wp\/v2\/users\/430"}],"replies":[{"embeddable":true,"href":"https:\/\/graduacao.fob.usp.br\/pb\/wp-json\/wp\/v2\/comments?post=804"}],"version-history":[{"count":5,"href":"https:\/\/graduacao.fob.usp.br\/pb\/wp-json\/wp\/v2\/pages\/804\/revisions"}],"predecessor-version":[{"id":3255,"href":"https:\/\/graduacao.fob.usp.br\/pb\/wp-json\/wp\/v2\/pages\/804\/revisions\/3255"}],"wp:attachment":[{"href":"https:\/\/graduacao.fob.usp.br\/pb\/wp-json\/wp\/v2\/media?parent=804"}],"curies":[{"name":"wp","href":"https:\/\/api.w.org\/{rel}","templated":true}]}}